{"id":7867,"date":"2020-03-09T15:05:13","date_gmt":"2020-03-09T13:05:13","guid":{"rendered":"https:\/\/www.ecobaltiavide.lv\/?page_id=7867"},"modified":"2021-11-22T13:46:55","modified_gmt":"2021-11-22T11:46:55","slug":"cookie-policy","status":"publish","type":"page","link":"https:\/\/www.ecobaltiavide.lv\/en\/cookie-policy\/","title":{"rendered":"Cookie policy"},"content":{"rendered":"<h1>Cookie policy<\/h1>\n<h2>Use of cookies at www.ecobaltiavide.lv<\/h2>\n<p>The website of SIA Eco Baltia vide uses cookies to personalize the content and provide you with a better user experience. By using Eco Baltia vide\u2019s website, you agree to the use of cookies. You may control and manage cookies by using your browser. Please note that removing or blocking cookies may affect your user experience and some features may not be available.<\/p>\n<h2>What is a cookie?<\/h2>\n<p>A cookie is a small text file that a website server sends to the visitor\u2019s (your) browser (e.g. Internet Explorer, Firefox, Google, Chrome, etc.) to store it in the internal storage of the user\u2019s device (such as a computer, tablet, or mobile phone). The main purpose of a cookie is to identify the device through which a visitor accesses the website, which helps to provide website content tailored to each visitor to the website, as well as provide statistics to the website owner to further improve the performance of the website.<\/p>\n<p>More information about additional browsers and device types is available here: <a href=\"http:\/\/www.aboutcookies.org\" target=\"_blank\" rel=\"noopener\">http:\/\/www.aboutcookies.org<\/a>\/ or <a href=\"http:\/\/www.cookiecentral.com\/faq\/.\">http:\/\/www.cookiecentral.com\/faq\/.<\/a><\/p>\n<h2>How do I control or delete cookies?<\/h2>\n<p>Most browsers allow you to view, manage, delete and block cookies on a particular website. Read more at<a href=\"http:\/\/www.aboutcookies.org\/\"> https:\/\/www.aboutcookies.org\/<\/a>. You can delete all cookies on your computer, and you can set up most browsers to block cookies from being placed on your computer. However, in this case, you will need to manually adjust the settings each time you visit the website, and some services and features may not work. You can find out more about cookies, including what cookies are set up on your computer or mobile device, and how to manage or delete them at <a href=\"http:\/\/www.aboutcookies.org\/\">https:\/\/www.aboutcookies.org\/<\/a>. Remember that if you delete all cookies, the preferences you have set, including the ability to opt out of cookies, will be lost, as this feature requires a cookie to be placed on your device.<\/p>\n<h2>Cookies used on the www.ecobaltiavide.lv website:<\/h2>\n<h3>Session cookies<\/h3>\n<p>These cookies remain in your browser only for the duration of the browser session, i.e. until you leave the website.<\/p>\n<h3>Persistent cookies<\/h3>\n<p>These cookies remain in your browser after the session (unless you delete them).<\/p>\n<h3>Performance cookies<\/h3>\n<p>These cookies collect information about how you use the website, for example, by capturing information about the pages you visit and recording error messages; they do not collect personal data; the information is collected by ensuring its anonymity. Performance cookies are used to improve the performance of the website.<\/p>\n<h3>Technical cookies<\/h3>\n<p>(ROUTEID, JSESSIONID) \u2013 Their purpose is to ensure the operation and functionality of the website so that the menus and functions of the website work properly. Without these cookies, operation of the website is not possible.<\/p>\n<h3>Functional cookies<\/h3>\n<p>([siteprefix]_cookie,sfrmap, sfrsvc,has_js, SESS) \u2013 They make the website easier to use. These cookies are not primarily necessary for the functioning of the website, but they make the use of the website more convenient and personalized, as well as enable the website search tool. This website also uses or may use the following third-party sessions and persistent cookies:<\/p>\n<h3>Analytical cookies<\/h3>\n<p>(utma, utmb, utmc, utmz) \u2013 Eco Baltia vide uses the Google Analytics tool to obtain information about the unique number of visits to the website and time spent on the website by each website visitor, to determine the sections of the website viewed, etc., for statistical purposes. See below for more information on the Google Analytics tool and the cookies it uses.<\/p>\n<h3>Google Maps cookies<\/h3>\n<p>(NID, PREF) These cookies register the use of Google Maps on the Eco Baltia vide website. Google\u2019s privacy policy is available at https:\/\/policies.google.com\/privacy<\/p>\n<h3>Youtube cookies<\/h3>\n<p>(VISITOR_INFO1_LIVE, use hitbox) \u2013 These cookies are used to collect anonymous statistics about the videos posted on YouTube.<\/p>\n<h3>Google Analytics cookies<\/h3>\n<p>SIA Eco Baltia vide website www.ecobaltiavide.lv contains cookies by Google Analytics created by Google Inc. The purpose of using Google Analytics cookies is to improve the content quality of the company\u2019s website and to tailor the content to the needs of visitors. For this purpose, standard log information (connection time, duration, IP address) and anonymous information about your activities on the website are collected.<\/p>\n<p>The information generated by these cookies about your use of the website is transmitted to and stored on Google servers abroad (which may not be located in Latvia or the European Union) according to the Google Inc. <a href=\"http:\/\/www.google.com\/analytics\/terms\/us.html\" target=\"_blank\" rel=\"noopener\">Terms of Service<\/a> and Google Analytics <a href=\"https:\/\/www.google.com\/intl\/lv\/policies\/terms\/\" target=\"_blank\" rel=\"noopener\">Terms of Service.<\/a> Google will use this information for the purpose of evaluating your use of the website and for reporting on visitor activity on your website.<\/p>\n<p>By using IP anonymization (deleting the last octet of your IPv4 address and setting the last 80 bits of the IPv6 address to zero) your IP address is truncated within the European Union or the European Economic Area and may only be processed on Google\u2019s servers in the United States in exceptional circumstances.<\/p>\n<p>The Company will not use cookies or allow any third party to do so in order to find or collect any identifiable personal information about visitors to the www.ecobaltiavide.lv website. You may opt out of the use of Google Analytics cookies by downloading and installing the Google Analytics Opt-out Browser Add-on.<\/p>\n<h2>Third-party cookies used on the Eco Baltia website<\/h2>\n<table style=\"border-collapse: collapse; width: 100%; height: 288px;\">\n<tbody>\n<tr style=\"height: 24px;\">\n<td style=\"width: 25.0181%; height: 24px;\"><strong>Provided by<\/strong><\/td>\n<td style=\"width: 25.0181%; height: 24px;\"><strong>Name of the cookie<\/strong><\/td>\n<td style=\"width: 24.9456%; height: 24px;\"><strong>Purpose of use<\/strong><\/td>\n<td style=\"width: 24.9456%; height: 24px;\"><strong>Processing time<\/strong><\/td>\n<\/tr>\n<tr style=\"height: 72px;\">\n<td style=\"width: 25.0181%; height: 72px;\">Google Analytics<\/td>\n<td style=\"width: 25.0181%; height: 72px;\">_ga<\/td>\n<td style=\"width: 24.9456%; height: 72px;\">Used to identify unique visitors to the website by assigning each one a randomly generated identifier (Google Universal Analytics cookie).<\/td>\n<td style=\"width: 24.9456%; height: 72px;\">2 years from the time it was created<\/td>\n<\/tr>\n<tr style=\"height: 24px;\">\n<td style=\"width: 25.0181%; height: 24px;\">Google Analytics<\/td>\n<td style=\"width: 25.0181%; height: 24px;\">_gid<\/td>\n<td style=\"width: 24.9456%; height: 24px;\">Used to identify unique visitors to the website (Google Universal Analytics cookie).<\/td>\n<td style=\"width: 24.9456%; height: 24px;\">24 hours from its creation<\/td>\n<\/tr>\n<tr style=\"height: 24px;\">\n<td style=\"width: 25.0181%; height: 24px;\">Google Analytics<\/td>\n<td style=\"width: 25.0181%; height: 24px;\">_gat_UA-39952253-1<\/td>\n<td style=\"width: 24.9456%; height: 24px;\">Used to reduce the amount of data logged by Google when there are a large number of users on the website (Google Universal Analytics cookie)<\/td>\n<td style=\"width: 24.9456%; height: 24px;\">1 minute from its creation<\/td>\n<\/tr>\n<tr style=\"height: 24px;\">\n<td style=\"width: 25.0181%; height: 24px;\">Google AdSense<\/td>\n<td style=\"width: 25.0181%; height: 24px;\">_gcl_au<\/td>\n<td style=\"width: 24.9456%; height: 24px;\">Used to test the effectiveness of ads among different websites.<\/td>\n<td style=\"width: 24.9456%; height: 24px;\">Unspecified<\/td>\n<\/tr>\n<tr style=\"height: 24px;\">\n<td style=\"width: 25.0181%; height: 24px;\">WPML<\/td>\n<td style=\"width: 25.0181%; height: 24px;\">wp-wpml_current_language<\/td>\n<td style=\"width: 24.9456%; height: 24px;\">Used to store user-selected language settings on the website.<\/td>\n<td style=\"width: 24.9456%; height: 24px;\">1 day from its creation<\/td>\n<\/tr>\n<tr style=\"height: 24px;\">\n<td style=\"width: 25.0181%; height: 24px;\">PHP<\/td>\n<td style=\"width: 25.0181%; height: 24px;\">PHPSESSID<\/td>\n<td style=\"width: 24.9456%; height: 24px;\">The cookie is used to store and identify users\u2019 unique session IDs to manage the user\u2019s session on the website.<\/td>\n<td style=\"width: 24.9456%; height: 24px;\">Until the end of the session<\/td>\n<\/tr>\n<tr style=\"height: 24px;\">\n<td style=\"width: 25.0181%; height: 24px;\">Bright<\/td>\n<td style=\"width: 25.0181%; height: 24px;\">agreecookies<\/td>\n<td style=\"width: 24.9456%; height: 24px;\">Used to determine if the user has agreed to the cookie policy.<\/td>\n<td style=\"width: 24.9456%; height: 24px;\">1 year from its creation<\/td>\n<\/tr>\n<tr style=\"height: 24px;\">\n<td style=\"width: 25.0181%; height: 24px;\">Bright<\/td>\n<td style=\"width: 25.0181%; height: 24px;\">banner<\/td>\n<td style=\"width: 24.9456%; height: 24px;\">Used to determine when a pop-up ad was last seen<\/td>\n<td style=\"width: 24.9456%; height: 24px;\">1 year from its creation<\/td>\n<\/tr>\n<tr style=\"height: 24px;\">\n<td style=\"width: 25.0181%; height: 24px;\">Facebook<\/td>\n<td style=\"width: 25.0181%; height: 24px;\">_fbp<\/td>\n<td style=\"width: 24.9456%; height: 24px;\">Cookies are used as part of the Facebook services integrated into the website<\/td>\n<td style=\"width: 24.9456%; height: 24px;\">Third-party cookie<\/td>\n<\/tr>\n<\/tbody>\n<\/table>\n<p>&nbsp;<\/p>\n<p>First-party cookies are stored on the infrastructure of our website. They can be identified by the domain name of our page. Third-party cookies, however, do not belong to us and the domain names of such websites are different from the domain of our website. Third-party cookies may also be stored on your device from which you browse our website. You can find out more about these cookies by visiting the relevant third-party website.<br \/>\nWe use verified and trusted third parties and regularly monitor the activities of third parties to ensure the proper security of your personal data.<\/p>\n<h2>Communications using the chat window (My LiveChat)<\/h2>\n<p>The chat feature on the Eco Baltia website is powered by My LiveChat (<a href=\"http:\/\/mylivechat.com\" target=\"_blank\" rel=\"noopener\">mylivechat.com<\/a>). The chat is inserted into the source code of the site using a script. When you use chat, you automatically use My LiveChat service. My LiveChat stores, supports and edits data across Europe and beyond. All data entered through the chat window will be transferred to My LiveChat and saved. The data stored includes: chat log, provided name, email, message, and IP address. This data will not be passed on to third parties and is only used for business-related communications and internal statistics. Chat logs are saved in My LiveChat, and they are automatically deleted after a reasonable time. We have no control over My LiveChat\u2019s internal handling and use of data. By using chat, you consent to the transmission and use of your data as described above. My LiveChat operates in accordance with the GDPR: <a href=\"https:\/\/www.mylivechat.com\/gdpr\/\" target=\"_blank\" rel=\"noopener\">https:\/\/www.mylivechat.com\/gdpr\/<\/a> My LiveChat standard terms of use can be found here: <a href=\"https:\/\/www.mylivechat.com\/terms.aspx\" target=\"_blank\" rel=\"noopener\">https:\/\/www.mylivechat.com\/terms.aspx<\/a><\/p>\n<h2>Information about the Controller and the Data Protection Specialist:<\/h2>\n<p>Controller: SIA Eco Baltia vide. Registered office: Getli\u0146u iela 5, Rumbula, Stopi\u0146u pagasts, Ropa\u017eu novads LV-2121, registration No. 40003309841, e-mail: <a href=\"mailto:info@ecobaltiavide.lv\">info@ecobaltiavide.lv<\/a><br \/>\nShould you have any questions, suggestions or complaints about how we handle your use of cookies, please contact us by e-mail at <a href=\"mailto:dati@ecobaltiavide.lv\">dati@ecobaltiavide.lv<\/a> or by calling 67 799 999<\/p>\n","protected":false},"excerpt":{"rendered":"<p>Cookie policy Use of cookies at www.ecobaltiavide.lv The website of SIA Eco Baltia vide uses cookies to personalize the content and provide you with a better user experience. By using Eco Baltia vide\u2019s website, you [&hellip;]<\/p>\n","protected":false},"author":1,"featured_media":0,"parent":0,"menu_order":0,"comment_status":"closed","ping_status":"closed","template":"privatuma_politika.php","meta":[],"acf":[],"yoast_head":"<!-- This site is optimized with the Yoast SEO plugin v20.4 - https:\/\/yoast.com\/wordpress\/plugins\/seo\/ -->\n<title>Cookie policy - Eco Baltia vide<\/title>\n<meta name=\"robots\" content=\"index, follow, max-snippet:-1, max-image-preview:large, max-video-preview:-1\" \/>\n<link rel=\"canonical\" href=\"https:\/\/www.ecobaltiavide.lv\/en\/cookie-policy\/\" \/>\n<meta property=\"og:locale\" content=\"en_US\" \/>\n<meta property=\"og:type\" content=\"article\" \/>\n<meta property=\"og:title\" content=\"Cookie policy - Eco Baltia vide\" \/>\n<meta property=\"og:description\" content=\"Cookie policy Use of cookies at www.ecobaltiavide.lv The website of SIA Eco Baltia vide uses cookies to personalize the content and provide you with a better user experience. By using Eco Baltia vide\u2019s website, you [&hellip;]\" \/>\n<meta property=\"og:url\" content=\"https:\/\/www.ecobaltiavide.lv\/en\/cookie-policy\/\" \/>\n<meta property=\"og:site_name\" content=\"Eco Baltia vide\" \/>\n<meta property=\"article:publisher\" content=\"https:\/\/www.facebook.com\/Eco-Baltia-VIDE-339134506206246\/\" \/>\n<meta property=\"article:modified_time\" content=\"2021-11-22T11:46:55+00:00\" \/>\n<meta property=\"og:image\" content=\"https:\/\/www.ecobaltiavide.lv\/wp-content\/uploads\/2024\/01\/EBV-logo-new.png\" \/>\n\t<meta property=\"og:image:width\" content=\"600\" \/>\n\t<meta property=\"og:image:height\" content=\"600\" \/>\n\t<meta property=\"og:image:type\" content=\"image\/png\" \/>\n<meta name=\"twitter:card\" content=\"summary_large_image\" \/>\n<meta name=\"twitter:site\" content=\"@ecobaltiavide\" \/>\n<meta name=\"twitter:label1\" content=\"Est. reading time\" \/>\n\t<meta name=\"twitter:data1\" content=\"7 minutes\" \/>\n<script type=\"application\/ld+json\" class=\"yoast-schema-graph\">{\"@context\":\"https:\/\/schema.org\",\"@graph\":[{\"@type\":\"WebPage\",\"@id\":\"https:\/\/www.ecobaltiavide.lv\/en\/cookie-policy\/\",\"url\":\"https:\/\/www.ecobaltiavide.lv\/en\/cookie-policy\/\",\"name\":\"Cookie policy - Eco Baltia vide\",\"isPartOf\":{\"@id\":\"https:\/\/www.ecobaltiavide.lv\/#website\"},\"datePublished\":\"2020-03-09T13:05:13+00:00\",\"dateModified\":\"2021-11-22T11:46:55+00:00\",\"breadcrumb\":{\"@id\":\"https:\/\/www.ecobaltiavide.lv\/en\/cookie-policy\/#breadcrumb\"},\"inLanguage\":\"en-US\",\"potentialAction\":[{\"@type\":\"ReadAction\",\"target\":[\"https:\/\/www.ecobaltiavide.lv\/en\/cookie-policy\/\"]}]},{\"@type\":\"BreadcrumbList\",\"@id\":\"https:\/\/www.ecobaltiavide.lv\/en\/cookie-policy\/#breadcrumb\",\"itemListElement\":[{\"@type\":\"ListItem\",\"position\":1,\"name\":\"Home\",\"item\":\"https:\/\/www.ecobaltiavide.lv\/en\/\"},{\"@type\":\"ListItem\",\"position\":2,\"name\":\"Cookie policy\"}]},{\"@type\":\"WebSite\",\"@id\":\"https:\/\/www.ecobaltiavide.lv\/#website\",\"url\":\"https:\/\/www.ecobaltiavide.lv\/\",\"name\":\"Eco Baltia vide\",\"description\":\"\",\"publisher\":{\"@id\":\"https:\/\/www.ecobaltiavide.lv\/#organization\"},\"potentialAction\":[{\"@type\":\"SearchAction\",\"target\":{\"@type\":\"EntryPoint\",\"urlTemplate\":\"https:\/\/www.ecobaltiavide.lv\/?s={search_term_string}\"},\"query-input\":\"required name=search_term_string\"}],\"inLanguage\":\"en-US\"},{\"@type\":\"Organization\",\"@id\":\"https:\/\/www.ecobaltiavide.lv\/#organization\",\"name\":\"Eco Baltia vide\",\"url\":\"https:\/\/www.ecobaltiavide.lv\/\",\"logo\":{\"@type\":\"ImageObject\",\"inLanguage\":\"en-US\",\"@id\":\"https:\/\/www.ecobaltiavide.lv\/#\/schema\/logo\/image\/\",\"url\":\"https:\/\/www.ecobaltiavide.lv\/wp-content\/uploads\/2024\/01\/EBV-logo-new.png\",\"contentUrl\":\"https:\/\/www.ecobaltiavide.lv\/wp-content\/uploads\/2024\/01\/EBV-logo-new.png\",\"width\":600,\"height\":600,\"caption\":\"Eco Baltia vide\"},\"image\":{\"@id\":\"https:\/\/www.ecobaltiavide.lv\/#\/schema\/logo\/image\/\"},\"sameAs\":[\"https:\/\/www.facebook.com\/Eco-Baltia-VIDE-339134506206246\/\",\"https:\/\/twitter.com\/ecobaltiavide\",\"https:\/\/www.youtube.com\/channel\/UCritvpxYzfk7b-pjn79DEpQ\"]}]}<\/script>\n<!-- \/ Yoast SEO plugin. -->","yoast_head_json":{"title":"Cookie policy - Eco Baltia vide","robots":{"index":"index","follow":"follow","max-snippet":"max-snippet:-1","max-image-preview":"max-image-preview:large","max-video-preview":"max-video-preview:-1"},"canonical":"https:\/\/www.ecobaltiavide.lv\/en\/cookie-policy\/","og_locale":"en_US","og_type":"article","og_title":"Cookie policy - Eco Baltia vide","og_description":"Cookie policy Use of cookies at www.ecobaltiavide.lv The website of SIA Eco Baltia vide uses cookies to personalize the content and provide you with a better user experience. By using Eco Baltia vide\u2019s website, you [&hellip;]","og_url":"https:\/\/www.ecobaltiavide.lv\/en\/cookie-policy\/","og_site_name":"Eco Baltia vide","article_publisher":"https:\/\/www.facebook.com\/Eco-Baltia-VIDE-339134506206246\/","article_modified_time":"2021-11-22T11:46:55+00:00","og_image":[{"width":600,"height":600,"url":"https:\/\/www.ecobaltiavide.lv\/wp-content\/uploads\/2024\/01\/EBV-logo-new.png","type":"image\/png"}],"twitter_card":"summary_large_image","twitter_site":"@ecobaltiavide","twitter_misc":{"Est. reading time":"7 minutes"},"schema":{"@context":"https:\/\/schema.org","@graph":[{"@type":"WebPage","@id":"https:\/\/www.ecobaltiavide.lv\/en\/cookie-policy\/","url":"https:\/\/www.ecobaltiavide.lv\/en\/cookie-policy\/","name":"Cookie policy - Eco Baltia vide","isPartOf":{"@id":"https:\/\/www.ecobaltiavide.lv\/#website"},"datePublished":"2020-03-09T13:05:13+00:00","dateModified":"2021-11-22T11:46:55+00:00","breadcrumb":{"@id":"https:\/\/www.ecobaltiavide.lv\/en\/cookie-policy\/#breadcrumb"},"inLanguage":"en-US","potentialAction":[{"@type":"ReadAction","target":["https:\/\/www.ecobaltiavide.lv\/en\/cookie-policy\/"]}]},{"@type":"BreadcrumbList","@id":"https:\/\/www.ecobaltiavide.lv\/en\/cookie-policy\/#breadcrumb","itemListElement":[{"@type":"ListItem","position":1,"name":"Home","item":"https:\/\/www.ecobaltiavide.lv\/en\/"},{"@type":"ListItem","position":2,"name":"Cookie policy"}]},{"@type":"WebSite","@id":"https:\/\/www.ecobaltiavide.lv\/#website","url":"https:\/\/www.ecobaltiavide.lv\/","name":"Eco Baltia vide","description":"","publisher":{"@id":"https:\/\/www.ecobaltiavide.lv\/#organization"},"potentialAction":[{"@type":"SearchAction","target":{"@type":"EntryPoint","urlTemplate":"https:\/\/www.ecobaltiavide.lv\/?s={search_term_string}"},"query-input":"required name=search_term_string"}],"inLanguage":"en-US"},{"@type":"Organization","@id":"https:\/\/www.ecobaltiavide.lv\/#organization","name":"Eco Baltia vide","url":"https:\/\/www.ecobaltiavide.lv\/","logo":{"@type":"ImageObject","inLanguage":"en-US","@id":"https:\/\/www.ecobaltiavide.lv\/#\/schema\/logo\/image\/","url":"https:\/\/www.ecobaltiavide.lv\/wp-content\/uploads\/2024\/01\/EBV-logo-new.png","contentUrl":"https:\/\/www.ecobaltiavide.lv\/wp-content\/uploads\/2024\/01\/EBV-logo-new.png","width":600,"height":600,"caption":"Eco Baltia vide"},"image":{"@id":"https:\/\/www.ecobaltiavide.lv\/#\/schema\/logo\/image\/"},"sameAs":["https:\/\/www.facebook.com\/Eco-Baltia-VIDE-339134506206246\/","https:\/\/twitter.com\/ecobaltiavide","https:\/\/www.youtube.com\/channel\/UCritvpxYzfk7b-pjn79DEpQ"]}]}},"_links":{"self":[{"href":"https:\/\/www.ecobaltiavide.lv\/en\/wp-json\/wp\/v2\/pages\/7867"}],"collection":[{"href":"https:\/\/www.ecobaltiavide.lv\/en\/wp-json\/wp\/v2\/pages"}],"about":[{"href":"https:\/\/www.ecobaltiavide.lv\/en\/wp-json\/wp\/v2\/types\/page"}],"author":[{"embeddable":true,"href":"https:\/\/www.ecobaltiavide.lv\/en\/wp-json\/wp\/v2\/users\/1"}],"replies":[{"embeddable":true,"href":"https:\/\/www.ecobaltiavide.lv\/en\/wp-json\/wp\/v2\/comments?post=7867"}],"version-history":[{"count":3,"href":"https:\/\/www.ecobaltiavide.lv\/en\/wp-json\/wp\/v2\/pages\/7867\/revisions"}],"predecessor-version":[{"id":7889,"href":"https:\/\/www.ecobaltiavide.lv\/en\/wp-json\/wp\/v2\/pages\/7867\/revisions\/7889"}],"wp:attachment":[{"href":"https:\/\/www.ecobaltiavide.lv\/en\/wp-json\/wp\/v2\/media?parent=7867"}],"curies":[{"name":"wp","href":"https:\/\/api.w.org\/{rel}","templated":true}]}}